{"id":85075,"date":"2026-01-07T14:40:19","date_gmt":"2026-01-07T13:40:19","guid":{"rendered":"https:\/\/www.ddxgroup.com\/?post_type=product&#038;p=85075"},"modified":"2026-03-18T14:34:24","modified_gmt":"2026-03-18T13:34:24","slug":"curso-easywood-deu","status":"publish","type":"product","link":"https:\/\/www.ddxgroup.com\/es\/prodotto\/curso-easywood-deu\/","title":{"rendered":"Curso EasyWOOD &#8211; DEU"},"content":{"rendered":"","protected":false},"excerpt":{"rendered":"Aprende a aprovechar todas las funciones de EasyWOOD y EasyWOOD NC para el mecanizado de la madera con nuestro curso en l\u00ednea en alem\u00e1n.\r\n\r\nHemos dise\u00f1ado un<strong> programa de 9 horas de formaci\u00f3n<\/strong> para explicarte c\u00f3mo funciona<strong> nuestro software CAD\/CAM para el mecanizado de la madera<\/strong>. Si eres carpintero no puedes perderte nuestro curso en l\u00ednea sobre el mecanizado de la madera. Inscr\u00edbete ahora y obt\u00e9n acceso a contenidos en v\u00eddeo t\u00e9cnicos y especializados, donde quieras y cuando quieras.","protected":false},"featured_media":85058,"template":"","meta":{"_acf_changed":false},"product_brand":[],"product_cat":[1217],"product_tag":[1230],"class_list":{"0":"post-85075","1":"product","2":"type-product","3":"status-publish","4":"has-post-thumbnail","6":"product_cat-corsi-e-webinar","7":"product_tag-cursos-y-webinarios-en-aleman","9":"first","10":"instock","11":"virtual","12":"sold-individually","13":"purchasable","14":"product-type-simple"},"acf":[],"yoast_head":"<!-- This site is optimized with the Yoast SEO plugin v27.4 - https:\/\/yoast.com\/product\/yoast-seo-wordpress\/ -->\n<title>Nuestro curso sobre el mecanizado de la madera en alem\u00e1n<\/title>\n<meta name=\"description\" content=\"Descubre el training en alem\u00e1n dedicado a EasyWOOD y EasyWOOD NC, nuestros software CAD\/CAM para el mecanizado de la madera. \u00a1Participa en el curso en l\u00ednea!\" \/>\n<meta name=\"robots\" content=\"noindex, follow\" \/>\n<meta property=\"og:locale\" content=\"es_ES\" \/>\n<meta property=\"og:type\" content=\"article\" \/>\n<meta property=\"og:title\" content=\"Nuestro curso sobre el mecanizado de la madera en alem\u00e1n\" \/>\n<meta property=\"og:description\" content=\"Descubre el training en alem\u00e1n dedicado a EasyWOOD y EasyWOOD NC, nuestros software CAD\/CAM para el mecanizado de la madera. \u00a1Participa en el curso en l\u00ednea!\" \/>\n<meta property=\"og:url\" content=\"https:\/\/www.ddxgroup.com\/es\/prodotto\/curso-easywood-deu\/\" \/>\n<meta property=\"og:site_name\" content=\"DDX Software Solutions\" \/>\n<meta property=\"article:modified_time\" content=\"2026-03-18T13:34:24+00:00\" \/>\n<meta property=\"og:image\" content=\"https:\/\/www.ddxgroup.com\/wp-content\/uploads\/2026\/01\/ddx-corso-easywood-tedesco-02.jpg\" \/>\n\t<meta property=\"og:image:width\" content=\"1080\" \/>\n\t<meta property=\"og:image:height\" content=\"1080\" \/>\n\t<meta property=\"og:image:type\" content=\"image\/jpeg\" \/>\n<meta name=\"twitter:card\" content=\"summary_large_image\" \/>\n<meta name=\"twitter:label1\" content=\"Tiempo de lectura\" \/>\n\t<meta name=\"twitter:data1\" content=\"1 minuto\" \/>\n<script type=\"application\/ld+json\" class=\"yoast-schema-graph\">{\"@context\":\"https:\\\/\\\/schema.org\",\"@graph\":[{\"@type\":\"WebPage\",\"@id\":\"https:\\\/\\\/www.ddxgroup.com\\\/es\\\/prodotto\\\/curso-easywood-deu\\\/\",\"url\":\"https:\\\/\\\/www.ddxgroup.com\\\/es\\\/prodotto\\\/curso-easywood-deu\\\/\",\"name\":\"Nuestro curso sobre el mecanizado de la madera en alem\u00e1n\",\"isPartOf\":{\"@id\":\"https:\\\/\\\/www.ddxgroup.com\\\/es\\\/#website\"},\"primaryImageOfPage\":{\"@id\":\"https:\\\/\\\/www.ddxgroup.com\\\/es\\\/prodotto\\\/curso-easywood-deu\\\/#primaryimage\"},\"image\":{\"@id\":\"https:\\\/\\\/www.ddxgroup.com\\\/es\\\/prodotto\\\/curso-easywood-deu\\\/#primaryimage\"},\"thumbnailUrl\":\"https:\\\/\\\/www.ddxgroup.com\\\/wp-content\\\/uploads\\\/2026\\\/01\\\/ddx-corso-easywood-tedesco-02.jpg\",\"datePublished\":\"2026-01-07T13:40:19+00:00\",\"dateModified\":\"2026-03-18T13:34:24+00:00\",\"description\":\"Descubre el training en alem\u00e1n dedicado a EasyWOOD y EasyWOOD NC, nuestros software CAD\\\/CAM para el mecanizado de la madera. \u00a1Participa en el curso en l\u00ednea!\",\"breadcrumb\":{\"@id\":\"https:\\\/\\\/www.ddxgroup.com\\\/es\\\/prodotto\\\/curso-easywood-deu\\\/#breadcrumb\"},\"inLanguage\":\"es\",\"potentialAction\":[{\"@type\":\"ReadAction\",\"target\":[\"https:\\\/\\\/www.ddxgroup.com\\\/es\\\/prodotto\\\/curso-easywood-deu\\\/\"]}]},{\"@type\":\"ImageObject\",\"inLanguage\":\"es\",\"@id\":\"https:\\\/\\\/www.ddxgroup.com\\\/es\\\/prodotto\\\/curso-easywood-deu\\\/#primaryimage\",\"url\":\"https:\\\/\\\/www.ddxgroup.com\\\/wp-content\\\/uploads\\\/2026\\\/01\\\/ddx-corso-easywood-tedesco-02.jpg\",\"contentUrl\":\"https:\\\/\\\/www.ddxgroup.com\\\/wp-content\\\/uploads\\\/2026\\\/01\\\/ddx-corso-easywood-tedesco-02.jpg\",\"width\":1080,\"height\":1080,\"caption\":\"ddx-corso-easywood-tedesco\"},{\"@type\":\"BreadcrumbList\",\"@id\":\"https:\\\/\\\/www.ddxgroup.com\\\/es\\\/prodotto\\\/curso-easywood-deu\\\/#breadcrumb\",\"itemListElement\":[{\"@type\":\"ListItem\",\"position\":1,\"name\":\"Home\",\"item\":\"https:\\\/\\\/www.ddxgroup.com\\\/es\\\/\"},{\"@type\":\"ListItem\",\"position\":2,\"name\":\"Shop\",\"item\":\"https:\\\/\\\/www.ddxgroup.com\\\/es\\\/shop\\\/\"},{\"@type\":\"ListItem\",\"position\":3,\"name\":\"Curso EasyWOOD &#8211; DEU\"}]},{\"@type\":\"WebSite\",\"@id\":\"https:\\\/\\\/www.ddxgroup.com\\\/es\\\/#website\",\"url\":\"https:\\\/\\\/www.ddxgroup.com\\\/es\\\/\",\"name\":\"DDX Software Solutions\",\"description\":\"We shape the code, you get the solution.\",\"publisher\":{\"@id\":\"https:\\\/\\\/www.ddxgroup.com\\\/es\\\/#organization\"},\"alternateName\":\"DDX\",\"potentialAction\":[{\"@type\":\"SearchAction\",\"target\":{\"@type\":\"EntryPoint\",\"urlTemplate\":\"https:\\\/\\\/www.ddxgroup.com\\\/es\\\/?s={search_term_string}\"},\"query-input\":{\"@type\":\"PropertyValueSpecification\",\"valueRequired\":true,\"valueName\":\"search_term_string\"}}],\"inLanguage\":\"es\"},{\"@type\":\"Organization\",\"@id\":\"https:\\\/\\\/www.ddxgroup.com\\\/es\\\/#organization\",\"name\":\"DDX srl\",\"url\":\"https:\\\/\\\/www.ddxgroup.com\\\/es\\\/\",\"logo\":{\"@type\":\"ImageObject\",\"inLanguage\":\"es\",\"@id\":\"https:\\\/\\\/www.ddxgroup.com\\\/es\\\/#\\\/schema\\\/logo\\\/image\\\/\",\"url\":\"https:\\\/\\\/www.ddxgroup.com\\\/wp-content\\\/uploads\\\/2025\\\/04\\\/DDX_logo_PRIMARY_VERSION.avif\",\"contentUrl\":\"https:\\\/\\\/www.ddxgroup.com\\\/wp-content\\\/uploads\\\/2025\\\/04\\\/DDX_logo_PRIMARY_VERSION.avif\",\"width\":707,\"height\":755,\"caption\":\"DDX srl\"},\"image\":{\"@id\":\"https:\\\/\\\/www.ddxgroup.com\\\/es\\\/#\\\/schema\\\/logo\\\/image\\\/\"}}]}<\/script>\n<!-- \/ Yoast SEO plugin. -->","yoast_head_json":{"title":"Nuestro curso sobre el mecanizado de la madera en alem\u00e1n","description":"Descubre el training en alem\u00e1n dedicado a EasyWOOD y EasyWOOD NC, nuestros software CAD\/CAM para el mecanizado de la madera. \u00a1Participa en el curso en l\u00ednea!","robots":{"index":"noindex","follow":"follow"},"og_locale":"es_ES","og_type":"article","og_title":"Nuestro curso sobre el mecanizado de la madera en alem\u00e1n","og_description":"Descubre el training en alem\u00e1n dedicado a EasyWOOD y EasyWOOD NC, nuestros software CAD\/CAM para el mecanizado de la madera. \u00a1Participa en el curso en l\u00ednea!","og_url":"https:\/\/www.ddxgroup.com\/es\/prodotto\/curso-easywood-deu\/","og_site_name":"DDX Software Solutions","article_modified_time":"2026-03-18T13:34:24+00:00","og_image":[{"width":1080,"height":1080,"url":"https:\/\/www.ddxgroup.com\/wp-content\/uploads\/2026\/01\/ddx-corso-easywood-tedesco-02.jpg","type":"image\/jpeg"}],"twitter_card":"summary_large_image","twitter_misc":{"Tiempo de lectura":"1 minuto"},"schema":{"@context":"https:\/\/schema.org","@graph":[{"@type":"WebPage","@id":"https:\/\/www.ddxgroup.com\/es\/prodotto\/curso-easywood-deu\/","url":"https:\/\/www.ddxgroup.com\/es\/prodotto\/curso-easywood-deu\/","name":"Nuestro curso sobre el mecanizado de la madera en alem\u00e1n","isPartOf":{"@id":"https:\/\/www.ddxgroup.com\/es\/#website"},"primaryImageOfPage":{"@id":"https:\/\/www.ddxgroup.com\/es\/prodotto\/curso-easywood-deu\/#primaryimage"},"image":{"@id":"https:\/\/www.ddxgroup.com\/es\/prodotto\/curso-easywood-deu\/#primaryimage"},"thumbnailUrl":"https:\/\/www.ddxgroup.com\/wp-content\/uploads\/2026\/01\/ddx-corso-easywood-tedesco-02.jpg","datePublished":"2026-01-07T13:40:19+00:00","dateModified":"2026-03-18T13:34:24+00:00","description":"Descubre el training en alem\u00e1n dedicado a EasyWOOD y EasyWOOD NC, nuestros software CAD\/CAM para el mecanizado de la madera. \u00a1Participa en el curso en l\u00ednea!","breadcrumb":{"@id":"https:\/\/www.ddxgroup.com\/es\/prodotto\/curso-easywood-deu\/#breadcrumb"},"inLanguage":"es","potentialAction":[{"@type":"ReadAction","target":["https:\/\/www.ddxgroup.com\/es\/prodotto\/curso-easywood-deu\/"]}]},{"@type":"ImageObject","inLanguage":"es","@id":"https:\/\/www.ddxgroup.com\/es\/prodotto\/curso-easywood-deu\/#primaryimage","url":"https:\/\/www.ddxgroup.com\/wp-content\/uploads\/2026\/01\/ddx-corso-easywood-tedesco-02.jpg","contentUrl":"https:\/\/www.ddxgroup.com\/wp-content\/uploads\/2026\/01\/ddx-corso-easywood-tedesco-02.jpg","width":1080,"height":1080,"caption":"ddx-corso-easywood-tedesco"},{"@type":"BreadcrumbList","@id":"https:\/\/www.ddxgroup.com\/es\/prodotto\/curso-easywood-deu\/#breadcrumb","itemListElement":[{"@type":"ListItem","position":1,"name":"Home","item":"https:\/\/www.ddxgroup.com\/es\/"},{"@type":"ListItem","position":2,"name":"Shop","item":"https:\/\/www.ddxgroup.com\/es\/shop\/"},{"@type":"ListItem","position":3,"name":"Curso EasyWOOD &#8211; DEU"}]},{"@type":"WebSite","@id":"https:\/\/www.ddxgroup.com\/es\/#website","url":"https:\/\/www.ddxgroup.com\/es\/","name":"DDX Software Solutions","description":"We shape the code, you get the solution.","publisher":{"@id":"https:\/\/www.ddxgroup.com\/es\/#organization"},"alternateName":"DDX","potentialAction":[{"@type":"SearchAction","target":{"@type":"EntryPoint","urlTemplate":"https:\/\/www.ddxgroup.com\/es\/?s={search_term_string}"},"query-input":{"@type":"PropertyValueSpecification","valueRequired":true,"valueName":"search_term_string"}}],"inLanguage":"es"},{"@type":"Organization","@id":"https:\/\/www.ddxgroup.com\/es\/#organization","name":"DDX srl","url":"https:\/\/www.ddxgroup.com\/es\/","logo":{"@type":"ImageObject","inLanguage":"es","@id":"https:\/\/www.ddxgroup.com\/es\/#\/schema\/logo\/image\/","url":"https:\/\/www.ddxgroup.com\/wp-content\/uploads\/2025\/04\/DDX_logo_PRIMARY_VERSION.avif","contentUrl":"https:\/\/www.ddxgroup.com\/wp-content\/uploads\/2025\/04\/DDX_logo_PRIMARY_VERSION.avif","width":707,"height":755,"caption":"DDX srl"},"image":{"@id":"https:\/\/www.ddxgroup.com\/es\/#\/schema\/logo\/image\/"}}]}},"_links":{"self":[{"href":"https:\/\/www.ddxgroup.com\/es\/wp-json\/wp\/v2\/product\/85075","targetHints":{"allow":["GET"]}}],"collection":[{"href":"https:\/\/www.ddxgroup.com\/es\/wp-json\/wp\/v2\/product"}],"about":[{"href":"https:\/\/www.ddxgroup.com\/es\/wp-json\/wp\/v2\/types\/product"}],"wp:featuredmedia":[{"embeddable":true,"href":"https:\/\/www.ddxgroup.com\/es\/wp-json\/wp\/v2\/media\/85058"}],"wp:attachment":[{"href":"https:\/\/www.ddxgroup.com\/es\/wp-json\/wp\/v2\/media?parent=85075"}],"wp:term":[{"taxonomy":"product_brand","embeddable":true,"href":"https:\/\/www.ddxgroup.com\/es\/wp-json\/wp\/v2\/product_brand?post=85075"},{"taxonomy":"product_cat","embeddable":true,"href":"https:\/\/www.ddxgroup.com\/es\/wp-json\/wp\/v2\/product_cat?post=85075"},{"taxonomy":"product_tag","embeddable":true,"href":"https:\/\/www.ddxgroup.com\/es\/wp-json\/wp\/v2\/product_tag?post=85075"}],"curies":[{"name":"wp","href":"https:\/\/api.w.org\/{rel}","templated":true}]}}