{"id":82517,"date":"2025-11-11T14:29:06","date_gmt":"2025-11-11T13:29:06","guid":{"rendered":"https:\/\/www.ddxgroup.com\/prodotto\/curso-xdesignpro-eng\/"},"modified":"2026-03-18T14:35:45","modified_gmt":"2026-03-18T13:35:45","slug":"curso-xdesignpro-eng","status":"publish","type":"product","link":"https:\/\/www.ddxgroup.com\/es\/prodotto\/curso-xdesignpro-eng\/","title":{"rendered":"Curso XDesignPRO &#8211; ENG"},"content":{"rendered":"","protected":false},"excerpt":{"rendered":"Aprende a dise\u00f1ar y fabricar muebles comerciales y personalizados con nuestro curso en ingl\u00e9s sobre XDesignPRO.\r\n\r\nHemos creado un<strong> programa de 10 horas<\/strong> para explicarte c\u00f3mo funciona nuestro <strong>software CAD\/CAM<\/strong> para el dise\u00f1o y la fabricaci\u00f3n de <strong>muebles y proyectos personalizados<\/strong>. \u00a1Inscr\u00edbete ahora en nuestro curso en l\u00ednea y accede a v\u00eddeos t\u00e9cnicos y exclusivos donde quieras y cuando quieras!","protected":false},"featured_media":81850,"template":"","meta":{"_acf_changed":false},"product_brand":[],"product_cat":[1217],"product_tag":[1221],"class_list":{"0":"post-82517","1":"product","2":"type-product","3":"status-publish","4":"has-post-thumbnail","6":"product_cat-corsi-e-webinar","7":"product_tag-cursos-y-webinarios-de-ingles","9":"first","10":"instock","11":"virtual","12":"sold-individually","13":"purchasable","14":"product-type-simple"},"acf":[],"yoast_head":"<!-- This site is optimized with the Yoast SEO plugin v27.3 - https:\/\/yoast.com\/product\/yoast-seo-wordpress\/ -->\n<title>Nuestro primer curso de ingl\u00e9s online en XDesignPRO<\/title>\n<meta name=\"description\" content=\"Aprende a dise\u00f1ar y producir muebles comerciales y a medida con nuestro curso en ingl\u00e9s sobre XDesignPRO. \u00a1Adquiere nuevas habilidades en solo unos clics!\" \/>\n<meta name=\"robots\" content=\"noindex, follow\" \/>\n<meta property=\"og:locale\" content=\"es_ES\" \/>\n<meta property=\"og:type\" content=\"article\" \/>\n<meta property=\"og:title\" content=\"Nuestro primer curso de ingl\u00e9s online en XDesignPRO\" \/>\n<meta property=\"og:description\" content=\"Aprende a dise\u00f1ar y producir muebles comerciales y a medida con nuestro curso en ingl\u00e9s sobre XDesignPRO. \u00a1Adquiere nuevas habilidades en solo unos clics!\" \/>\n<meta property=\"og:url\" content=\"https:\/\/www.ddxgroup.com\/es\/prodotto\/curso-xdesignpro-eng\/\" \/>\n<meta property=\"og:site_name\" content=\"DDX Software Solutions\" \/>\n<meta property=\"article:modified_time\" content=\"2026-03-18T13:35:45+00:00\" \/>\n<meta property=\"og:image\" content=\"https:\/\/www.ddxgroup.com\/wp-content\/uploads\/2025\/11\/ddx-corso-xdesignpro-inglese.jpg\" \/>\n\t<meta property=\"og:image:width\" content=\"1080\" \/>\n\t<meta property=\"og:image:height\" content=\"1080\" \/>\n\t<meta property=\"og:image:type\" content=\"image\/jpeg\" \/>\n<meta name=\"twitter:card\" content=\"summary_large_image\" \/>\n<meta name=\"twitter:label1\" content=\"Tiempo de lectura\" \/>\n\t<meta name=\"twitter:data1\" content=\"1 minuto\" \/>\n<script type=\"application\/ld+json\" class=\"yoast-schema-graph\">{\"@context\":\"https:\\\/\\\/schema.org\",\"@graph\":[{\"@type\":\"WebPage\",\"@id\":\"https:\\\/\\\/www.ddxgroup.com\\\/es\\\/prodotto\\\/curso-xdesignpro-eng\\\/\",\"url\":\"https:\\\/\\\/www.ddxgroup.com\\\/es\\\/prodotto\\\/curso-xdesignpro-eng\\\/\",\"name\":\"Nuestro primer curso de ingl\u00e9s online en XDesignPRO\",\"isPartOf\":{\"@id\":\"https:\\\/\\\/www.ddxgroup.com\\\/es\\\/#website\"},\"primaryImageOfPage\":{\"@id\":\"https:\\\/\\\/www.ddxgroup.com\\\/es\\\/prodotto\\\/curso-xdesignpro-eng\\\/#primaryimage\"},\"image\":{\"@id\":\"https:\\\/\\\/www.ddxgroup.com\\\/es\\\/prodotto\\\/curso-xdesignpro-eng\\\/#primaryimage\"},\"thumbnailUrl\":\"https:\\\/\\\/www.ddxgroup.com\\\/wp-content\\\/uploads\\\/2025\\\/11\\\/ddx-corso-xdesignpro-inglese.jpg\",\"datePublished\":\"2025-11-11T13:29:06+00:00\",\"dateModified\":\"2026-03-18T13:35:45+00:00\",\"description\":\"Aprende a dise\u00f1ar y producir muebles comerciales y a medida con nuestro curso en ingl\u00e9s sobre XDesignPRO. \u00a1Adquiere nuevas habilidades en solo unos clics!\",\"breadcrumb\":{\"@id\":\"https:\\\/\\\/www.ddxgroup.com\\\/es\\\/prodotto\\\/curso-xdesignpro-eng\\\/#breadcrumb\"},\"inLanguage\":\"es\",\"potentialAction\":[{\"@type\":\"ReadAction\",\"target\":[\"https:\\\/\\\/www.ddxgroup.com\\\/es\\\/prodotto\\\/curso-xdesignpro-eng\\\/\"]}]},{\"@type\":\"ImageObject\",\"inLanguage\":\"es\",\"@id\":\"https:\\\/\\\/www.ddxgroup.com\\\/es\\\/prodotto\\\/curso-xdesignpro-eng\\\/#primaryimage\",\"url\":\"https:\\\/\\\/www.ddxgroup.com\\\/wp-content\\\/uploads\\\/2025\\\/11\\\/ddx-corso-xdesignpro-inglese.jpg\",\"contentUrl\":\"https:\\\/\\\/www.ddxgroup.com\\\/wp-content\\\/uploads\\\/2025\\\/11\\\/ddx-corso-xdesignpro-inglese.jpg\",\"width\":1080,\"height\":1080},{\"@type\":\"BreadcrumbList\",\"@id\":\"https:\\\/\\\/www.ddxgroup.com\\\/es\\\/prodotto\\\/curso-xdesignpro-eng\\\/#breadcrumb\",\"itemListElement\":[{\"@type\":\"ListItem\",\"position\":1,\"name\":\"Home\",\"item\":\"https:\\\/\\\/www.ddxgroup.com\\\/es\\\/\"},{\"@type\":\"ListItem\",\"position\":2,\"name\":\"Shop\",\"item\":\"https:\\\/\\\/www.ddxgroup.com\\\/es\\\/shop\\\/\"},{\"@type\":\"ListItem\",\"position\":3,\"name\":\"Curso XDesignPRO &#8211; ENG\"}]},{\"@type\":\"WebSite\",\"@id\":\"https:\\\/\\\/www.ddxgroup.com\\\/es\\\/#website\",\"url\":\"https:\\\/\\\/www.ddxgroup.com\\\/es\\\/\",\"name\":\"DDX Software Solutions\",\"description\":\"We shape the code, you get the solution.\",\"publisher\":{\"@id\":\"https:\\\/\\\/www.ddxgroup.com\\\/es\\\/#organization\"},\"alternateName\":\"DDX\",\"potentialAction\":[{\"@type\":\"SearchAction\",\"target\":{\"@type\":\"EntryPoint\",\"urlTemplate\":\"https:\\\/\\\/www.ddxgroup.com\\\/es\\\/?s={search_term_string}\"},\"query-input\":{\"@type\":\"PropertyValueSpecification\",\"valueRequired\":true,\"valueName\":\"search_term_string\"}}],\"inLanguage\":\"es\"},{\"@type\":\"Organization\",\"@id\":\"https:\\\/\\\/www.ddxgroup.com\\\/es\\\/#organization\",\"name\":\"DDX srl\",\"url\":\"https:\\\/\\\/www.ddxgroup.com\\\/es\\\/\",\"logo\":{\"@type\":\"ImageObject\",\"inLanguage\":\"es\",\"@id\":\"https:\\\/\\\/www.ddxgroup.com\\\/es\\\/#\\\/schema\\\/logo\\\/image\\\/\",\"url\":\"https:\\\/\\\/www.ddxgroup.com\\\/wp-content\\\/uploads\\\/2025\\\/04\\\/DDX_logo_PRIMARY_VERSION.avif\",\"contentUrl\":\"https:\\\/\\\/www.ddxgroup.com\\\/wp-content\\\/uploads\\\/2025\\\/04\\\/DDX_logo_PRIMARY_VERSION.avif\",\"width\":707,\"height\":755,\"caption\":\"DDX srl\"},\"image\":{\"@id\":\"https:\\\/\\\/www.ddxgroup.com\\\/es\\\/#\\\/schema\\\/logo\\\/image\\\/\"}}]}<\/script>\n<!-- \/ Yoast SEO plugin. -->","yoast_head_json":{"title":"Nuestro primer curso de ingl\u00e9s online en XDesignPRO","description":"Aprende a dise\u00f1ar y producir muebles comerciales y a medida con nuestro curso en ingl\u00e9s sobre XDesignPRO. \u00a1Adquiere nuevas habilidades en solo unos clics!","robots":{"index":"noindex","follow":"follow"},"og_locale":"es_ES","og_type":"article","og_title":"Nuestro primer curso de ingl\u00e9s online en XDesignPRO","og_description":"Aprende a dise\u00f1ar y producir muebles comerciales y a medida con nuestro curso en ingl\u00e9s sobre XDesignPRO. \u00a1Adquiere nuevas habilidades en solo unos clics!","og_url":"https:\/\/www.ddxgroup.com\/es\/prodotto\/curso-xdesignpro-eng\/","og_site_name":"DDX Software Solutions","article_modified_time":"2026-03-18T13:35:45+00:00","og_image":[{"width":1080,"height":1080,"url":"https:\/\/www.ddxgroup.com\/wp-content\/uploads\/2025\/11\/ddx-corso-xdesignpro-inglese.jpg","type":"image\/jpeg"}],"twitter_card":"summary_large_image","twitter_misc":{"Tiempo de lectura":"1 minuto"},"schema":{"@context":"https:\/\/schema.org","@graph":[{"@type":"WebPage","@id":"https:\/\/www.ddxgroup.com\/es\/prodotto\/curso-xdesignpro-eng\/","url":"https:\/\/www.ddxgroup.com\/es\/prodotto\/curso-xdesignpro-eng\/","name":"Nuestro primer curso de ingl\u00e9s online en XDesignPRO","isPartOf":{"@id":"https:\/\/www.ddxgroup.com\/es\/#website"},"primaryImageOfPage":{"@id":"https:\/\/www.ddxgroup.com\/es\/prodotto\/curso-xdesignpro-eng\/#primaryimage"},"image":{"@id":"https:\/\/www.ddxgroup.com\/es\/prodotto\/curso-xdesignpro-eng\/#primaryimage"},"thumbnailUrl":"https:\/\/www.ddxgroup.com\/wp-content\/uploads\/2025\/11\/ddx-corso-xdesignpro-inglese.jpg","datePublished":"2025-11-11T13:29:06+00:00","dateModified":"2026-03-18T13:35:45+00:00","description":"Aprende a dise\u00f1ar y producir muebles comerciales y a medida con nuestro curso en ingl\u00e9s sobre XDesignPRO. \u00a1Adquiere nuevas habilidades en solo unos clics!","breadcrumb":{"@id":"https:\/\/www.ddxgroup.com\/es\/prodotto\/curso-xdesignpro-eng\/#breadcrumb"},"inLanguage":"es","potentialAction":[{"@type":"ReadAction","target":["https:\/\/www.ddxgroup.com\/es\/prodotto\/curso-xdesignpro-eng\/"]}]},{"@type":"ImageObject","inLanguage":"es","@id":"https:\/\/www.ddxgroup.com\/es\/prodotto\/curso-xdesignpro-eng\/#primaryimage","url":"https:\/\/www.ddxgroup.com\/wp-content\/uploads\/2025\/11\/ddx-corso-xdesignpro-inglese.jpg","contentUrl":"https:\/\/www.ddxgroup.com\/wp-content\/uploads\/2025\/11\/ddx-corso-xdesignpro-inglese.jpg","width":1080,"height":1080},{"@type":"BreadcrumbList","@id":"https:\/\/www.ddxgroup.com\/es\/prodotto\/curso-xdesignpro-eng\/#breadcrumb","itemListElement":[{"@type":"ListItem","position":1,"name":"Home","item":"https:\/\/www.ddxgroup.com\/es\/"},{"@type":"ListItem","position":2,"name":"Shop","item":"https:\/\/www.ddxgroup.com\/es\/shop\/"},{"@type":"ListItem","position":3,"name":"Curso XDesignPRO &#8211; ENG"}]},{"@type":"WebSite","@id":"https:\/\/www.ddxgroup.com\/es\/#website","url":"https:\/\/www.ddxgroup.com\/es\/","name":"DDX Software Solutions","description":"We shape the code, you get the solution.","publisher":{"@id":"https:\/\/www.ddxgroup.com\/es\/#organization"},"alternateName":"DDX","potentialAction":[{"@type":"SearchAction","target":{"@type":"EntryPoint","urlTemplate":"https:\/\/www.ddxgroup.com\/es\/?s={search_term_string}"},"query-input":{"@type":"PropertyValueSpecification","valueRequired":true,"valueName":"search_term_string"}}],"inLanguage":"es"},{"@type":"Organization","@id":"https:\/\/www.ddxgroup.com\/es\/#organization","name":"DDX srl","url":"https:\/\/www.ddxgroup.com\/es\/","logo":{"@type":"ImageObject","inLanguage":"es","@id":"https:\/\/www.ddxgroup.com\/es\/#\/schema\/logo\/image\/","url":"https:\/\/www.ddxgroup.com\/wp-content\/uploads\/2025\/04\/DDX_logo_PRIMARY_VERSION.avif","contentUrl":"https:\/\/www.ddxgroup.com\/wp-content\/uploads\/2025\/04\/DDX_logo_PRIMARY_VERSION.avif","width":707,"height":755,"caption":"DDX srl"},"image":{"@id":"https:\/\/www.ddxgroup.com\/es\/#\/schema\/logo\/image\/"}}]}},"_links":{"self":[{"href":"https:\/\/www.ddxgroup.com\/es\/wp-json\/wp\/v2\/product\/82517","targetHints":{"allow":["GET"]}}],"collection":[{"href":"https:\/\/www.ddxgroup.com\/es\/wp-json\/wp\/v2\/product"}],"about":[{"href":"https:\/\/www.ddxgroup.com\/es\/wp-json\/wp\/v2\/types\/product"}],"wp:featuredmedia":[{"embeddable":true,"href":"https:\/\/www.ddxgroup.com\/es\/wp-json\/wp\/v2\/media\/81850"}],"wp:attachment":[{"href":"https:\/\/www.ddxgroup.com\/es\/wp-json\/wp\/v2\/media?parent=82517"}],"wp:term":[{"taxonomy":"product_brand","embeddable":true,"href":"https:\/\/www.ddxgroup.com\/es\/wp-json\/wp\/v2\/product_brand?post=82517"},{"taxonomy":"product_cat","embeddable":true,"href":"https:\/\/www.ddxgroup.com\/es\/wp-json\/wp\/v2\/product_cat?post=82517"},{"taxonomy":"product_tag","embeddable":true,"href":"https:\/\/www.ddxgroup.com\/es\/wp-json\/wp\/v2\/product_tag?post=82517"}],"curies":[{"name":"wp","href":"https:\/\/api.w.org\/{rel}","templated":true}]}}