{"id":82509,"date":"2025-05-13T15:39:31","date_gmt":"2025-05-13T13:39:31","guid":{"rendered":"https:\/\/www.ddxgroup.com\/prodotto\/curso-easystone-ita\/"},"modified":"2026-03-18T14:37:56","modified_gmt":"2026-03-18T13:37:56","slug":"curso-easystone-ita","status":"publish","type":"product","link":"https:\/\/www.ddxgroup.com\/es\/prodotto\/curso-easystone-ita\/","title":{"rendered":"Curso EasySTONE &#8211; ITA"},"content":{"rendered":"","protected":false},"excerpt":{"rendered":"Aprende a aprovechar todas las funcionalidades de <strong>EasySTONE\u00ae y EasySTONE NC<\/strong> para tus proyectos de piedra gracias a nuestro curso online en italiano.\r\n\r\nHemos dise\u00f1ado un <strong>programa de 17 horas<\/strong> de formaci\u00f3n para explicarte c\u00f3mo funciona <strong>nuestro software CAD\/CAM para la piedra<\/strong>. \u00a1Inscr\u00edbete ahora en nuestro curso en l\u00ednea y accede a v\u00eddeos t\u00e9cnicos y exclusivos donde quieras y cuando quieras!","protected":false},"featured_media":81822,"template":"","meta":{"_acf_changed":false},"product_brand":[],"product_cat":[1217],"product_tag":[1220],"class_list":{"0":"post-82509","1":"product","2":"type-product","3":"status-publish","4":"has-post-thumbnail","6":"product_cat-corsi-e-webinar","7":"product_tag-cursos-y-webinarios-en-italiano","9":"first","10":"instock","11":"virtual","12":"sold-individually","13":"purchasable","14":"product-type-simple"},"acf":[],"yoast_head":"<!-- This site is optimized with the Yoast SEO plugin v27.4 - https:\/\/yoast.com\/product\/yoast-seo-wordpress\/ -->\n<title>Nuestro curso online en italiano sobre el trabajo de la piedra<\/title>\n<meta name=\"description\" content=\"Aprende a aprovechar todas las funcionalidades de EasySTONE y EasySTONE NC para tus proyectos de piedra gracias a nuestro curso online en italiano. \u00a1Inscr\u00edbete ahora!\" \/>\n<meta name=\"robots\" content=\"noindex, follow\" \/>\n<meta property=\"og:locale\" content=\"es_ES\" \/>\n<meta property=\"og:type\" content=\"article\" \/>\n<meta property=\"og:title\" content=\"Nuestro curso online en italiano sobre el trabajo de la piedra\" \/>\n<meta property=\"og:description\" content=\"Aprende a aprovechar todas las funcionalidades de EasySTONE y EasySTONE NC para tus proyectos de piedra gracias a nuestro curso online en italiano. \u00a1Inscr\u00edbete ahora!\" \/>\n<meta property=\"og:url\" content=\"https:\/\/www.ddxgroup.com\/es\/prodotto\/curso-easystone-ita\/\" \/>\n<meta property=\"og:site_name\" content=\"DDX Software Solutions\" \/>\n<meta property=\"article:modified_time\" content=\"2026-03-18T13:37:56+00:00\" \/>\n<meta property=\"og:image\" content=\"https:\/\/www.ddxgroup.com\/wp-content\/uploads\/2025\/11\/ddx-corso-easystone-italiano.jpg\" \/>\n\t<meta property=\"og:image:width\" content=\"1080\" \/>\n\t<meta property=\"og:image:height\" content=\"1080\" \/>\n\t<meta property=\"og:image:type\" content=\"image\/jpeg\" \/>\n<meta name=\"twitter:card\" content=\"summary_large_image\" \/>\n<meta name=\"twitter:label1\" content=\"Tiempo de lectura\" \/>\n\t<meta name=\"twitter:data1\" content=\"1 minuto\" \/>\n<script type=\"application\/ld+json\" class=\"yoast-schema-graph\">{\"@context\":\"https:\\\/\\\/schema.org\",\"@graph\":[{\"@type\":\"WebPage\",\"@id\":\"https:\\\/\\\/www.ddxgroup.com\\\/es\\\/prodotto\\\/curso-easystone-ita\\\/\",\"url\":\"https:\\\/\\\/www.ddxgroup.com\\\/es\\\/prodotto\\\/curso-easystone-ita\\\/\",\"name\":\"Nuestro curso online en italiano sobre el trabajo de la piedra\",\"isPartOf\":{\"@id\":\"https:\\\/\\\/www.ddxgroup.com\\\/es\\\/#website\"},\"primaryImageOfPage\":{\"@id\":\"https:\\\/\\\/www.ddxgroup.com\\\/es\\\/prodotto\\\/curso-easystone-ita\\\/#primaryimage\"},\"image\":{\"@id\":\"https:\\\/\\\/www.ddxgroup.com\\\/es\\\/prodotto\\\/curso-easystone-ita\\\/#primaryimage\"},\"thumbnailUrl\":\"https:\\\/\\\/www.ddxgroup.com\\\/wp-content\\\/uploads\\\/2025\\\/11\\\/ddx-corso-easystone-italiano.jpg\",\"datePublished\":\"2025-05-13T13:39:31+00:00\",\"dateModified\":\"2026-03-18T13:37:56+00:00\",\"description\":\"Aprende a aprovechar todas las funcionalidades de EasySTONE y EasySTONE NC para tus proyectos de piedra gracias a nuestro curso online en italiano. \u00a1Inscr\u00edbete ahora!\",\"breadcrumb\":{\"@id\":\"https:\\\/\\\/www.ddxgroup.com\\\/es\\\/prodotto\\\/curso-easystone-ita\\\/#breadcrumb\"},\"inLanguage\":\"es\",\"potentialAction\":[{\"@type\":\"ReadAction\",\"target\":[\"https:\\\/\\\/www.ddxgroup.com\\\/es\\\/prodotto\\\/curso-easystone-ita\\\/\"]}]},{\"@type\":\"ImageObject\",\"inLanguage\":\"es\",\"@id\":\"https:\\\/\\\/www.ddxgroup.com\\\/es\\\/prodotto\\\/curso-easystone-ita\\\/#primaryimage\",\"url\":\"https:\\\/\\\/www.ddxgroup.com\\\/wp-content\\\/uploads\\\/2025\\\/11\\\/ddx-corso-easystone-italiano.jpg\",\"contentUrl\":\"https:\\\/\\\/www.ddxgroup.com\\\/wp-content\\\/uploads\\\/2025\\\/11\\\/ddx-corso-easystone-italiano.jpg\",\"width\":1080,\"height\":1080},{\"@type\":\"BreadcrumbList\",\"@id\":\"https:\\\/\\\/www.ddxgroup.com\\\/es\\\/prodotto\\\/curso-easystone-ita\\\/#breadcrumb\",\"itemListElement\":[{\"@type\":\"ListItem\",\"position\":1,\"name\":\"Home\",\"item\":\"https:\\\/\\\/www.ddxgroup.com\\\/es\\\/\"},{\"@type\":\"ListItem\",\"position\":2,\"name\":\"Shop\",\"item\":\"https:\\\/\\\/www.ddxgroup.com\\\/es\\\/shop\\\/\"},{\"@type\":\"ListItem\",\"position\":3,\"name\":\"Curso EasySTONE &#8211; ITA\"}]},{\"@type\":\"WebSite\",\"@id\":\"https:\\\/\\\/www.ddxgroup.com\\\/es\\\/#website\",\"url\":\"https:\\\/\\\/www.ddxgroup.com\\\/es\\\/\",\"name\":\"DDX Software Solutions\",\"description\":\"We shape the code, you get the solution.\",\"publisher\":{\"@id\":\"https:\\\/\\\/www.ddxgroup.com\\\/es\\\/#organization\"},\"alternateName\":\"DDX\",\"potentialAction\":[{\"@type\":\"SearchAction\",\"target\":{\"@type\":\"EntryPoint\",\"urlTemplate\":\"https:\\\/\\\/www.ddxgroup.com\\\/es\\\/?s={search_term_string}\"},\"query-input\":{\"@type\":\"PropertyValueSpecification\",\"valueRequired\":true,\"valueName\":\"search_term_string\"}}],\"inLanguage\":\"es\"},{\"@type\":\"Organization\",\"@id\":\"https:\\\/\\\/www.ddxgroup.com\\\/es\\\/#organization\",\"name\":\"DDX srl\",\"url\":\"https:\\\/\\\/www.ddxgroup.com\\\/es\\\/\",\"logo\":{\"@type\":\"ImageObject\",\"inLanguage\":\"es\",\"@id\":\"https:\\\/\\\/www.ddxgroup.com\\\/es\\\/#\\\/schema\\\/logo\\\/image\\\/\",\"url\":\"https:\\\/\\\/www.ddxgroup.com\\\/wp-content\\\/uploads\\\/2025\\\/04\\\/DDX_logo_PRIMARY_VERSION.avif\",\"contentUrl\":\"https:\\\/\\\/www.ddxgroup.com\\\/wp-content\\\/uploads\\\/2025\\\/04\\\/DDX_logo_PRIMARY_VERSION.avif\",\"width\":707,\"height\":755,\"caption\":\"DDX srl\"},\"image\":{\"@id\":\"https:\\\/\\\/www.ddxgroup.com\\\/es\\\/#\\\/schema\\\/logo\\\/image\\\/\"}}]}<\/script>\n<!-- \/ Yoast SEO plugin. -->","yoast_head_json":{"title":"Nuestro curso online en italiano sobre el trabajo de la piedra","description":"Aprende a aprovechar todas las funcionalidades de EasySTONE y EasySTONE NC para tus proyectos de piedra gracias a nuestro curso online en italiano. \u00a1Inscr\u00edbete ahora!","robots":{"index":"noindex","follow":"follow"},"og_locale":"es_ES","og_type":"article","og_title":"Nuestro curso online en italiano sobre el trabajo de la piedra","og_description":"Aprende a aprovechar todas las funcionalidades de EasySTONE y EasySTONE NC para tus proyectos de piedra gracias a nuestro curso online en italiano. \u00a1Inscr\u00edbete ahora!","og_url":"https:\/\/www.ddxgroup.com\/es\/prodotto\/curso-easystone-ita\/","og_site_name":"DDX Software Solutions","article_modified_time":"2026-03-18T13:37:56+00:00","og_image":[{"width":1080,"height":1080,"url":"https:\/\/www.ddxgroup.com\/wp-content\/uploads\/2025\/11\/ddx-corso-easystone-italiano.jpg","type":"image\/jpeg"}],"twitter_card":"summary_large_image","twitter_misc":{"Tiempo de lectura":"1 minuto"},"schema":{"@context":"https:\/\/schema.org","@graph":[{"@type":"WebPage","@id":"https:\/\/www.ddxgroup.com\/es\/prodotto\/curso-easystone-ita\/","url":"https:\/\/www.ddxgroup.com\/es\/prodotto\/curso-easystone-ita\/","name":"Nuestro curso online en italiano sobre el trabajo de la piedra","isPartOf":{"@id":"https:\/\/www.ddxgroup.com\/es\/#website"},"primaryImageOfPage":{"@id":"https:\/\/www.ddxgroup.com\/es\/prodotto\/curso-easystone-ita\/#primaryimage"},"image":{"@id":"https:\/\/www.ddxgroup.com\/es\/prodotto\/curso-easystone-ita\/#primaryimage"},"thumbnailUrl":"https:\/\/www.ddxgroup.com\/wp-content\/uploads\/2025\/11\/ddx-corso-easystone-italiano.jpg","datePublished":"2025-05-13T13:39:31+00:00","dateModified":"2026-03-18T13:37:56+00:00","description":"Aprende a aprovechar todas las funcionalidades de EasySTONE y EasySTONE NC para tus proyectos de piedra gracias a nuestro curso online en italiano. \u00a1Inscr\u00edbete ahora!","breadcrumb":{"@id":"https:\/\/www.ddxgroup.com\/es\/prodotto\/curso-easystone-ita\/#breadcrumb"},"inLanguage":"es","potentialAction":[{"@type":"ReadAction","target":["https:\/\/www.ddxgroup.com\/es\/prodotto\/curso-easystone-ita\/"]}]},{"@type":"ImageObject","inLanguage":"es","@id":"https:\/\/www.ddxgroup.com\/es\/prodotto\/curso-easystone-ita\/#primaryimage","url":"https:\/\/www.ddxgroup.com\/wp-content\/uploads\/2025\/11\/ddx-corso-easystone-italiano.jpg","contentUrl":"https:\/\/www.ddxgroup.com\/wp-content\/uploads\/2025\/11\/ddx-corso-easystone-italiano.jpg","width":1080,"height":1080},{"@type":"BreadcrumbList","@id":"https:\/\/www.ddxgroup.com\/es\/prodotto\/curso-easystone-ita\/#breadcrumb","itemListElement":[{"@type":"ListItem","position":1,"name":"Home","item":"https:\/\/www.ddxgroup.com\/es\/"},{"@type":"ListItem","position":2,"name":"Shop","item":"https:\/\/www.ddxgroup.com\/es\/shop\/"},{"@type":"ListItem","position":3,"name":"Curso EasySTONE &#8211; ITA"}]},{"@type":"WebSite","@id":"https:\/\/www.ddxgroup.com\/es\/#website","url":"https:\/\/www.ddxgroup.com\/es\/","name":"DDX Software Solutions","description":"We shape the code, you get the solution.","publisher":{"@id":"https:\/\/www.ddxgroup.com\/es\/#organization"},"alternateName":"DDX","potentialAction":[{"@type":"SearchAction","target":{"@type":"EntryPoint","urlTemplate":"https:\/\/www.ddxgroup.com\/es\/?s={search_term_string}"},"query-input":{"@type":"PropertyValueSpecification","valueRequired":true,"valueName":"search_term_string"}}],"inLanguage":"es"},{"@type":"Organization","@id":"https:\/\/www.ddxgroup.com\/es\/#organization","name":"DDX srl","url":"https:\/\/www.ddxgroup.com\/es\/","logo":{"@type":"ImageObject","inLanguage":"es","@id":"https:\/\/www.ddxgroup.com\/es\/#\/schema\/logo\/image\/","url":"https:\/\/www.ddxgroup.com\/wp-content\/uploads\/2025\/04\/DDX_logo_PRIMARY_VERSION.avif","contentUrl":"https:\/\/www.ddxgroup.com\/wp-content\/uploads\/2025\/04\/DDX_logo_PRIMARY_VERSION.avif","width":707,"height":755,"caption":"DDX srl"},"image":{"@id":"https:\/\/www.ddxgroup.com\/es\/#\/schema\/logo\/image\/"}}]}},"_links":{"self":[{"href":"https:\/\/www.ddxgroup.com\/es\/wp-json\/wp\/v2\/product\/82509","targetHints":{"allow":["GET"]}}],"collection":[{"href":"https:\/\/www.ddxgroup.com\/es\/wp-json\/wp\/v2\/product"}],"about":[{"href":"https:\/\/www.ddxgroup.com\/es\/wp-json\/wp\/v2\/types\/product"}],"wp:featuredmedia":[{"embeddable":true,"href":"https:\/\/www.ddxgroup.com\/es\/wp-json\/wp\/v2\/media\/81822"}],"wp:attachment":[{"href":"https:\/\/www.ddxgroup.com\/es\/wp-json\/wp\/v2\/media?parent=82509"}],"wp:term":[{"taxonomy":"product_brand","embeddable":true,"href":"https:\/\/www.ddxgroup.com\/es\/wp-json\/wp\/v2\/product_brand?post=82509"},{"taxonomy":"product_cat","embeddable":true,"href":"https:\/\/www.ddxgroup.com\/es\/wp-json\/wp\/v2\/product_cat?post=82509"},{"taxonomy":"product_tag","embeddable":true,"href":"https:\/\/www.ddxgroup.com\/es\/wp-json\/wp\/v2\/product_tag?post=82509"}],"curies":[{"name":"wp","href":"https:\/\/api.w.org\/{rel}","templated":true}]}}